{"id":11,"date":"2017-11-04T11:40:29","date_gmt":"2017-11-04T09:40:29","guid":{"rendered":"https:\/\/mainostoimistomuu.fi\/?page_id=11"},"modified":"2023-01-09T09:30:26","modified_gmt":"2023-01-09T07:30:26","slug":"palvelut","status":"publish","type":"page","link":"https:\/\/mainostoimistomuu.fi\/?page_id=11","title":{"rendered":"Palvelut"},"content":{"rendered":"<p style=\"text-align: left;\" align=\"right\">Muu on valmiina tarttumaan uusiin haasteisiin! Muu suunnittelee ja toteuttaa asiakkaalleen aikatauluista kiinni pit\u00e4en ja luovaa mielikuvitusta k\u00e4ytt\u00e4en mm:<\/p>\n<ul>\n<li style=\"text-align: left;\">Yritysilmeet, logot ja k\u00e4yntikortit<\/li>\n<li style=\"text-align: left;\">Esitteet, julkaisut ja vuosikertomukset<\/li>\n<li>Pakkaukset, etiketit ja tarrat<\/li>\n<li style=\"text-align: left;\">Lehtien ja kirjojen taitot<\/li>\n<li style=\"text-align: left;\">Lehtimainokset, julisteet, flyerit ja muut painotuotteet<\/li>\n<li>Rollupit, banderollit, tekstiilit, ikkuna- ja autoteippaukset<\/li>\n<\/ul>\n<p style=\"text-align: left;\" align=\"right\"><em>Kysy tarjous!<\/em><\/p>\n","protected":false},"excerpt":{"rendered":"<p>Muu on valmiina tarttumaan uusiin haasteisiin! Muu suunnittelee ja toteuttaa asiakkaalleen aikatauluista kiinni pit\u00e4en ja luovaa mielikuvitusta k\u00e4ytt\u00e4en mm: Yritysilmeet, logot ja k\u00e4yntikortit Esitteet, julkaisut ja vuosikertomukset Pakkaukset, etiketit ja tarrat Lehtien ja kirjojen taitot Lehtimainokset, julisteet, flyerit ja muut painotuotteet Rollupit, banderollit, tekstiilit, ikkuna- ja autoteippaukset Kysy tarjous!<\/p>\n","protected":false},"author":1,"featured_media":0,"parent":0,"menu_order":0,"comment_status":"closed","ping_status":"closed","template":"","meta":{"footnotes":""},"class_list":["post-11","page","type-page","status-publish","hentry"],"_links":{"self":[{"href":"https:\/\/mainostoimistomuu.fi\/index.php?rest_route=\/wp\/v2\/pages\/11","targetHints":{"allow":["GET"]}}],"collection":[{"href":"https:\/\/mainostoimistomuu.fi\/index.php?rest_route=\/wp\/v2\/pages"}],"about":[{"href":"https:\/\/mainostoimistomuu.fi\/index.php?rest_route=\/wp\/v2\/types\/page"}],"author":[{"embeddable":true,"href":"https:\/\/mainostoimistomuu.fi\/index.php?rest_route=\/wp\/v2\/users\/1"}],"replies":[{"embeddable":true,"href":"https:\/\/mainostoimistomuu.fi\/index.php?rest_route=%2Fwp%2Fv2%2Fcomments&post=11"}],"version-history":[{"count":4,"href":"https:\/\/mainostoimistomuu.fi\/index.php?rest_route=\/wp\/v2\/pages\/11\/revisions"}],"predecessor-version":[{"id":102,"href":"https:\/\/mainostoimistomuu.fi\/index.php?rest_route=\/wp\/v2\/pages\/11\/revisions\/102"}],"wp:attachment":[{"href":"https:\/\/mainostoimistomuu.fi\/index.php?rest_route=%2Fwp%2Fv2%2Fmedia&parent=11"}],"curies":[{"name":"wp","href":"https:\/\/api.w.org\/{rel}","templated":true}]}}