{"id":13,"date":"2017-11-04T11:40:38","date_gmt":"2017-11-04T09:40:38","guid":{"rendered":"https:\/\/mainostoimistomuu.fi\/?page_id=13"},"modified":"2024-04-18T14:30:29","modified_gmt":"2024-04-18T11:30:29","slug":"referenssit","status":"publish","type":"page","link":"https:\/\/mainostoimistomuu.fi\/?page_id=13","title":{"rendered":"Referenssit"},"content":{"rendered":"<p style=\"text-align: left;\" align=\"right\"><strong>Asiakkaita ja\u00a0yhteisty\u00f6kumppaneitani mm:<\/strong><br \/>\nAccountor Finago Oy<br \/>\nAmsign<br \/>\nArctic Milk Oy<br \/>\nCanis-lehti \/ R+ Palvelut Oy<br \/>\nDogFeelGood<a href=\"https:\/\/www.denisskebab.fi\/\" target=\"_blank\" rel=\"noopener\"><br \/>\n<\/a>Eerikkil\u00e4 Sport &amp; Outdoor Resort<br \/>\nEllab- el\u00e4inlaboratorio<br \/>\nEl\u00e4inkoulutus.fi<br \/>\nFaktia Koulutus Oy<br \/>\nFOAS &#8211; Forssan Asuntov\u00e4litys<br \/>\nForssa-Asunnot Oy<br \/>\nForssan Seudun Kehitt\u00e4miskeskus Oy<br \/>\nForssan Seudun Kehitysvammaisten tuki ry<br \/>\nForssan Seudun Nuorkauppakamari ry<br \/>\nForssan Seudun Reuma-Tules ry<br \/>\nForssan Voimistelijat<br \/>\nFoxa Oy<br \/>\nHAMK H\u00e4meen Ammattikorkeakoulu<br \/>\nHAMK Frush &#8211; kiertotalouden kasvuyritys- ja startup -tapahtuma<br \/>\nHAMK Green Care -hanke<br \/>\nHAMK Osiris -hanke<br \/>\nHiusstudio Tyykikyl\u00e4n Doris<br \/>\nHotelli Koskenniska<br \/>\nHumppilan kunta<br \/>\nJokioisten Lankatehdas Oy<br \/>\nK-Citymarket Forssa<br \/>\nKauneuden ja hyvinvoinnin Atelje Elea<br \/>\nKauneushoitola Tuhkimo<br \/>\nKoh Tao Divers<br \/>\nKotiseutulainen-lehti<br \/>\nKulttuuriyhdistys Kuvio<br \/>\nKurkijokelainen-lehti<br \/>\nKuusi Design<br \/>\nKV-Racing \/ Kalle Viippo<br \/>\nLamminniemen Hyvinvointikeskus<a href=\"https:\/\/www.kotoisa.net\/\" target=\"_blank\" rel=\"noopener\"><br \/>\n<\/a>Lasis Foto<br \/>\nLeikkiset Oy<br \/>\nLeveland Oy<br \/>\nLounais-H\u00e4meen Musiikkip\u00e4iv\u00e4t ry<br \/>\nLounaPlussa Ry<br \/>\nLuonnonvarakeskus LUKE<br \/>\nMAK Media Oy<br \/>\nMakuliha Oy<br \/>\nMansikki &#8211; Lasten maatalousn\u00e4yttely<br \/>\nMate Group Oy<br \/>\nMatimek Oy<br \/>\nMSJ-Tilit Oy<br \/>\nNordic Caraway Oy<br \/>\nNs Aura \/ Hakkapeliitta-tapahtuma, Rauhaniemen kes\u00e4teatteri<br \/>\nPanimo Olutmylly<br \/>\nPeltosiemen Oy<br \/>\nPi-Re Oy<br \/>\nPorlammin Meijeri Oy<br \/>\nProcountor International<a href=\"https:\/\/www.peikonlehti.fi\/\" target=\"_blank\" rel=\"noopener\"><br \/>\n<\/a>P\u00e4\u00e4kaupunkiseudun Kierr\u00e4tyskeskus Oy<br \/>\nRavintola Kultajyv\u00e4<br \/>\nRento Kirppis<br \/>\nSealife Helsinki<br \/>\nSony Music Live<br \/>\nStudio Kati L\u00e4nsikyl\u00e4<a href=\"https:\/\/www.sulpu.fi\/\" target=\"_blank\" rel=\"noopener\"><br \/>\n<\/a>S\u00e4hk\u00f6palvelu Petri Hintsanen<br \/>\nTammelan Kunta<br \/>\nTanssikoulu 1st Step<br \/>\nTiimari Retail Oyj<br \/>\nTrimmauspalvelu Wiiraamo<br \/>\nVuokramesta<br \/>\nWest Road Audio<\/p>\n","protected":false},"excerpt":{"rendered":"<p>Asiakkaita ja\u00a0yhteisty\u00f6kumppaneitani mm: Accountor Finago Oy Amsign Arctic Milk Oy Canis-lehti \/ R+ Palvelut Oy DogFeelGood Eerikkil\u00e4 Sport &amp; Outdoor Resort Ellab- el\u00e4inlaboratorio El\u00e4inkoulutus.fi Faktia Koulutus Oy FOAS &#8211; Forssan Asuntov\u00e4litys Forssa-Asunnot Oy Forssan Seudun Kehitt\u00e4miskeskus Oy Forssan Seudun Kehitysvammaisten tuki ry Forssan Seudun Nuorkauppakamari ry Forssan Seudun Reuma-Tules ry Forssan Voimistelijat Foxa Oy HAMK&hellip; <a href=\"https:\/\/mainostoimistomuu.fi\/?page_id=13\" class=\"more-link\">Lue lis\u00e4\u00e4 <span class=\"screen-reader-text\">Referenssit<\/span> <svg class=\"icon icon-next\" aria-hidden=\"true\" role=\"img\"><use xlink:href=\"#icon-next\"><\/use><\/svg><\/a><\/p>\n","protected":false},"author":1,"featured_media":0,"parent":0,"menu_order":0,"comment_status":"closed","ping_status":"closed","template":"","meta":{"footnotes":""},"class_list":["post-13","page","type-page","status-publish","hentry"],"_links":{"self":[{"href":"https:\/\/mainostoimistomuu.fi\/index.php?rest_route=\/wp\/v2\/pages\/13","targetHints":{"allow":["GET"]}}],"collection":[{"href":"https:\/\/mainostoimistomuu.fi\/index.php?rest_route=\/wp\/v2\/pages"}],"about":[{"href":"https:\/\/mainostoimistomuu.fi\/index.php?rest_route=\/wp\/v2\/types\/page"}],"author":[{"embeddable":true,"href":"https:\/\/mainostoimistomuu.fi\/index.php?rest_route=\/wp\/v2\/users\/1"}],"replies":[{"embeddable":true,"href":"https:\/\/mainostoimistomuu.fi\/index.php?rest_route=%2Fwp%2Fv2%2Fcomments&post=13"}],"version-history":[{"count":5,"href":"https:\/\/mainostoimistomuu.fi\/index.php?rest_route=\/wp\/v2\/pages\/13\/revisions"}],"predecessor-version":[{"id":114,"href":"https:\/\/mainostoimistomuu.fi\/index.php?rest_route=\/wp\/v2\/pages\/13\/revisions\/114"}],"wp:attachment":[{"href":"https:\/\/mainostoimistomuu.fi\/index.php?rest_route=%2Fwp%2Fv2%2Fmedia&parent=13"}],"curies":[{"name":"wp","href":"https:\/\/api.w.org\/{rel}","templated":true}]}}