{"id":9,"date":"2017-11-04T11:40:20","date_gmt":"2017-11-04T09:40:20","guid":{"rendered":"https:\/\/mainostoimistomuu.fi\/?page_id=9"},"modified":"2023-01-09T09:30:05","modified_gmt":"2023-01-09T07:30:05","slug":"etusivu","status":"publish","type":"page","link":"https:\/\/mainostoimistomuu.fi\/","title":{"rendered":"Etusivu"},"content":{"rendered":"<p style=\"text-align: left;\" align=\"right\"><img loading=\"lazy\" decoding=\"async\" class=\"alignleft wp-image-21 size-medium\" src=\"https:\/\/mainostoimistomuu.fi\/wp-content\/uploads\/2017\/06\/cropped-muu_pink_300px-1-300x300.png\" alt=\"\" width=\"300\" height=\"300\" srcset=\"https:\/\/mainostoimistomuu.fi\/wp-content\/uploads\/2017\/06\/cropped-muu_pink_300px-1-300x300.png 300w, https:\/\/mainostoimistomuu.fi\/wp-content\/uploads\/2017\/06\/cropped-muu_pink_300px-1-150x150.png 150w, https:\/\/mainostoimistomuu.fi\/wp-content\/uploads\/2017\/06\/cropped-muu_pink_300px-1-270x270.png 270w, https:\/\/mainostoimistomuu.fi\/wp-content\/uploads\/2017\/06\/cropped-muu_pink_300px-1-192x192.png 192w, https:\/\/mainostoimistomuu.fi\/wp-content\/uploads\/2017\/06\/cropped-muu_pink_300px-1-180x180.png 180w, https:\/\/mainostoimistomuu.fi\/wp-content\/uploads\/2017\/06\/cropped-muu_pink_300px-1-32x32.png 32w, https:\/\/mainostoimistomuu.fi\/wp-content\/uploads\/2017\/06\/cropped-muu_pink_300px-1.png 512w\" sizes=\"auto, (max-width: 300px) 100vw, 300px\" \/>Mainostoimisto Muu Oy on vuodesta 2007 saakka toiminut, forssalainen graafisen suunnittelun pieni mutta pippurinen toimisto. Muu toteuttaa ketter\u00e4sti, mutta aina asiakkaan mielipiteit\u00e4 ja tarpeita kuunnellen persoonalliset ja yksil\u00f6lliset markkinointiviestinn\u00e4n ratkaisut.<\/p>\n<p style=\"text-align: left;\" align=\"right\"><em>Tervetuloa tutustumaan!<\/em><\/p>\n","protected":false},"excerpt":{"rendered":"<p>Mainostoimisto Muu Oy on vuodesta 2007 saakka toiminut, forssalainen graafisen suunnittelun pieni mutta pippurinen toimisto. Muu toteuttaa ketter\u00e4sti, mutta aina asiakkaan mielipiteit\u00e4 ja tarpeita kuunnellen persoonalliset ja yksil\u00f6lliset markkinointiviestinn\u00e4n ratkaisut. Tervetuloa tutustumaan!<\/p>\n","protected":false},"author":1,"featured_media":0,"parent":0,"menu_order":0,"comment_status":"closed","ping_status":"closed","template":"","meta":{"footnotes":""},"class_list":["post-9","page","type-page","status-publish","hentry"],"_links":{"self":[{"href":"https:\/\/mainostoimistomuu.fi\/index.php?rest_route=\/wp\/v2\/pages\/9","targetHints":{"allow":["GET"]}}],"collection":[{"href":"https:\/\/mainostoimistomuu.fi\/index.php?rest_route=\/wp\/v2\/pages"}],"about":[{"href":"https:\/\/mainostoimistomuu.fi\/index.php?rest_route=\/wp\/v2\/types\/page"}],"author":[{"embeddable":true,"href":"https:\/\/mainostoimistomuu.fi\/index.php?rest_route=\/wp\/v2\/users\/1"}],"replies":[{"embeddable":true,"href":"https:\/\/mainostoimistomuu.fi\/index.php?rest_route=%2Fwp%2Fv2%2Fcomments&post=9"}],"version-history":[{"count":5,"href":"https:\/\/mainostoimistomuu.fi\/index.php?rest_route=\/wp\/v2\/pages\/9\/revisions"}],"predecessor-version":[{"id":101,"href":"https:\/\/mainostoimistomuu.fi\/index.php?rest_route=\/wp\/v2\/pages\/9\/revisions\/101"}],"wp:attachment":[{"href":"https:\/\/mainostoimistomuu.fi\/index.php?rest_route=%2Fwp%2Fv2%2Fmedia&parent=9"}],"curies":[{"name":"wp","href":"https:\/\/api.w.org\/{rel}","templated":true}]}}